{"id":35,"date":"2023-03-12T09:59:48","date_gmt":"2023-03-12T09:59:48","guid":{"rendered":"https:\/\/test.lesnejezioro.pl\/?page_id=35"},"modified":"2023-03-13T11:54:41","modified_gmt":"2023-03-13T11:54:41","slug":"oferta","status":"publish","type":"page","link":"https:\/\/test.lesnejezioro.pl\/?page_id=35","title":{"rendered":"Oferta"},"content":{"rendered":"\n<p>OFERUJEMY:<\/p>\n\n\n\n<ul>\n<li>JASNE WYGODNE POMIESZCZENIA Z \u0141AZIENKAMI \/ NIEKT\u00d3RE Z ANEKSEM KUCHENNYM<br>CENY: WIOSN\u0104 OD 65Z\u0141\/OS\/DOBA, LATEM OD 80Z\u0141\/OS\/DOBA<\/li>\n\n\n\n<li>RODZINOM PROPONUJEMY INDYWIDUALNE OFERTY CENOWE<\/li>\n\n\n\n<li>W OGRODZIE MIEJSCE NA OGNISKO I GRILLA<\/li>\n\n\n\n<li>SALA KOMINKOWA<\/li>\n\n\n\n<li>MINI PLAC ZABAW Z DOMKIEM NA DRZEWIE<\/li>\n\n\n\n<li>K\u0104PIELE W SIANIE, ZIO\u0141ACH I S\u0141OMIE OWSIANEJ<\/li>\n<\/ul>\n\n\n\n<p><br>BLISKO\u015a\u0106 JEIORA, LAS\u00d3W I P\u00d3L ZACH\u0118CA DO:<\/p>\n\n\n\n<ul>\n<li>W\u0118DKOWANIA &#8211; JEZIORO MIELNO 360HA, 8KM D\u0141.<\/li>\n\n\n\n<li>P\u0141YWANIA &#8211; \u0141\u00d3DKA \/ KAJAK<\/li>\n\n\n\n<li>K\u0104PIELI &#8211; Z BRZEGU LUB POMOSTU<\/li>\n\n\n\n<li>SPACEROWANIA \/ WYPRAW ROWEROWYCH &#8211; MAPY TURYSTYCZNE<\/li>\n\n\n\n<li>DZIECI MOG\u0104 OPIEKOWA\u0106 SI\u0118 ZWIERZ\u0104TKAMI<\/li>\n\n\n\n<li>MO\u017bLIWO\u015a\u0106 JAZDY KONNEJ<\/li>\n<\/ul>\n","protected":false},"excerpt":{"rendered":"<p>OFERUJEMY: BLISKO\u015a\u0106 JEIORA, LAS\u00d3W I P\u00d3L ZACH\u0118CA DO:<\/p>\n","protected":false},"author":1,"featured_media":0,"parent":0,"menu_order":0,"comment_status":"closed","ping_status":"closed","template":"","meta":[],"_links":{"self":[{"href":"https:\/\/test.lesnejezioro.pl\/index.php?rest_route=\/wp\/v2\/pages\/35"}],"collection":[{"href":"https:\/\/test.lesnejezioro.pl\/index.php?rest_route=\/wp\/v2\/pages"}],"about":[{"href":"https:\/\/test.lesnejezioro.pl\/index.php?rest_route=\/wp\/v2\/types\/page"}],"author":[{"embeddable":true,"href":"https:\/\/test.lesnejezioro.pl\/index.php?rest_route=\/wp\/v2\/users\/1"}],"replies":[{"embeddable":true,"href":"https:\/\/test.lesnejezioro.pl\/index.php?rest_route=%2Fwp%2Fv2%2Fcomments&post=35"}],"version-history":[{"count":4,"href":"https:\/\/test.lesnejezioro.pl\/index.php?rest_route=\/wp\/v2\/pages\/35\/revisions"}],"predecessor-version":[{"id":344,"href":"https:\/\/test.lesnejezioro.pl\/index.php?rest_route=\/wp\/v2\/pages\/35\/revisions\/344"}],"wp:attachment":[{"href":"https:\/\/test.lesnejezioro.pl\/index.php?rest_route=%2Fwp%2Fv2%2Fmedia&parent=35"}],"curies":[{"name":"wp","href":"https:\/\/api.w.org\/{rel}","templated":true}]}}